{"id":20358,"date":"2022-07-27T13:14:33","date_gmt":"2022-07-27T13:14:33","guid":{"rendered":"https:\/\/bcsagri.staging2.welcomedigital.it\/?post_type=product&#038;p=20358"},"modified":"2025-09-19T08:58:06","modified_gmt":"2025-09-19T06:58:06","slug":"vega-k90-dualsteer","status":"publish","type":"product","link":"https:\/\/ferrariagri.com\/de-de\/product\/vega-k90-dualsteer\/","title":{"rendered":"Vega K90 DUALSTEER\u00ae"},"content":{"rendered":"","protected":false},"excerpt":{"rendered":"","protected":false},"author":2,"featured_media":32040,"parent":0,"menu_order":195,"template":"","product_category":[607],"field_of_application":[485,486,487,488,489],"in_promotion":[],"filter_mdv-power":[],"filter_app-field-tractors":[],"filter_use_attrezzature":[],"filter_filter-use_mf-mc":[],"filter_grass-collector":[],"filter_wheels-type":[289],"filter_driving-position":[303],"filter_chassis":[315],"filter_trattori-power":[611],"filter_conditioner":[],"filter_applicable":[],"filter_type":[],"filter_differential":[],"filter_engine":[],"filter_clutch":[],"filter_transmission":[],"filter_use":[],"class_list":["post-20358","product","type-product","status-publish","has-post-thumbnail","hentry","field_of_application-weinberg","field_of_application-obstgarten","field_of_application-gewachshaus","field_of_application-grunflachenpflege","field_of_application-kommune","filter_wheels-type-isodiametrisch","filter_driving-position-reversibel","filter_chassis-dualsteer-de-de","filter_trattori-power-uber-70-ps"],"acf":[],"yoast_head":"<!-- This site is optimized with the Yoast SEO plugin v26.3 - https:\/\/yoast.com\/wordpress\/plugins\/seo\/ -->\n<title>Vega K90 DUALSTEER\u00ae - Ferrari<\/title>\n<meta name=\"description\" content=\"Er ist extrem vielseitig und wurde f\u00fcr den Einsatz in Obstplantagen und Weinbergen, auch in Hanglagen und bei begrenztem Spielraum f\u00fcr das Man\u00f6ver am Ende der Reihe, sowie in Gew\u00e4chsh\u00e4usern, Baumschulen und Gemeinden entwickelt.\" \/>\n<meta name=\"robots\" content=\"index, follow, max-snippet:-1, max-image-preview:large, max-video-preview:-1\" \/>\n<link rel=\"canonical\" href=\"https:\/\/ferrariagri.com\/de-de\/product\/vega-k90-dualsteer\/\" \/>\n<meta property=\"og:locale\" content=\"de_DE\" \/>\n<meta property=\"og:type\" content=\"article\" \/>\n<meta property=\"og:title\" content=\"Vega K90 DUALSTEER\u00ae - Ferrari\" \/>\n<meta property=\"og:description\" content=\"Er ist extrem vielseitig und wurde f\u00fcr den Einsatz in Obstplantagen und Weinbergen, auch in Hanglagen und bei begrenztem Spielraum f\u00fcr das Man\u00f6ver am Ende der Reihe, sowie in Gew\u00e4chsh\u00e4usern, Baumschulen und Gemeinden entwickelt.\" \/>\n<meta property=\"og:url\" content=\"https:\/\/ferrariagri.com\/de-de\/product\/vega-k90-dualsteer\/\" \/>\n<meta property=\"og:site_name\" content=\"Ferrari\" \/>\n<meta property=\"article:modified_time\" content=\"2025-09-19T06:58:06+00:00\" \/>\n<meta property=\"og:image\" content=\"https:\/\/ferrariagri.com\/wp-content\/uploads\/sites\/2\/2021\/05\/Vega-K90-MY24-card.png\" \/>\n\t<meta property=\"og:image:width\" content=\"800\" \/>\n\t<meta property=\"og:image:height\" content=\"600\" \/>\n\t<meta property=\"og:image:type\" content=\"image\/png\" \/>\n<meta name=\"twitter:card\" content=\"summary_large_image\" \/>\n<meta name=\"twitter:label1\" content=\"Gesch\u00e4tzte Lesezeit\" \/>\n\t<meta name=\"twitter:data1\" content=\"1\u00a0Minute\" \/>\n<script type=\"application\/ld+json\" class=\"yoast-schema-graph\">{\"@context\":\"https:\/\/schema.org\",\"@graph\":[{\"@type\":\"WebPage\",\"@id\":\"https:\/\/ferrariagri.com\/de-de\/product\/vega-k90-dualsteer\/\",\"url\":\"https:\/\/ferrariagri.com\/de-de\/product\/vega-k90-dualsteer\/\",\"name\":\"Vega K90 DUALSTEER\u00ae - Ferrari\",\"isPartOf\":{\"@id\":\"https:\/\/ferrariagri.com\/de-de\/#website\"},\"primaryImageOfPage\":{\"@id\":\"https:\/\/ferrariagri.com\/de-de\/product\/vega-k90-dualsteer\/#primaryimage\"},\"image\":{\"@id\":\"https:\/\/ferrariagri.com\/de-de\/product\/vega-k90-dualsteer\/#primaryimage\"},\"thumbnailUrl\":\"https:\/\/ferrariagri.com\/wp-content\/uploads\/sites\/2\/2021\/05\/Vega-K90-MY24-card.png\",\"datePublished\":\"2022-07-27T13:14:33+00:00\",\"dateModified\":\"2025-09-19T06:58:06+00:00\",\"description\":\"Er ist extrem vielseitig und wurde f\u00fcr den Einsatz in Obstplantagen und Weinbergen, auch in Hanglagen und bei begrenztem Spielraum f\u00fcr das Man\u00f6ver am Ende der Reihe, sowie in Gew\u00e4chsh\u00e4usern, Baumschulen und Gemeinden entwickelt.\",\"breadcrumb\":{\"@id\":\"https:\/\/ferrariagri.com\/de-de\/product\/vega-k90-dualsteer\/#breadcrumb\"},\"inLanguage\":\"de\",\"potentialAction\":[{\"@type\":\"ReadAction\",\"target\":[\"https:\/\/ferrariagri.com\/de-de\/product\/vega-k90-dualsteer\/\"]}]},{\"@type\":\"ImageObject\",\"inLanguage\":\"de\",\"@id\":\"https:\/\/ferrariagri.com\/de-de\/product\/vega-k90-dualsteer\/#primaryimage\",\"url\":\"https:\/\/ferrariagri.com\/wp-content\/uploads\/sites\/2\/2021\/05\/Vega-K90-MY24-card.png\",\"contentUrl\":\"https:\/\/ferrariagri.com\/wp-content\/uploads\/sites\/2\/2021\/05\/Vega-K90-MY24-card.png\",\"width\":800,\"height\":600,\"caption\":\"Vega-K90-MY24-card\"},{\"@type\":\"BreadcrumbList\",\"@id\":\"https:\/\/ferrariagri.com\/de-de\/product\/vega-k90-dualsteer\/#breadcrumb\",\"itemListElement\":[{\"@type\":\"ListItem\",\"position\":1,\"name\":\"Home\",\"item\":\"https:\/\/ferrariagri.com\/de-de\/\"},{\"@type\":\"ListItem\",\"position\":2,\"name\":\"Vega K90 DUALSTEER\u00ae\"}]},{\"@type\":\"WebSite\",\"@id\":\"https:\/\/ferrariagri.com\/de-de\/#website\",\"url\":\"https:\/\/ferrariagri.com\/de-de\/\",\"name\":\"Ferrari\",\"description\":\"\",\"potentialAction\":[{\"@type\":\"SearchAction\",\"target\":{\"@type\":\"EntryPoint\",\"urlTemplate\":\"https:\/\/ferrariagri.com\/de-de\/?s={search_term_string}\"},\"query-input\":{\"@type\":\"PropertyValueSpecification\",\"valueRequired\":true,\"valueName\":\"search_term_string\"}}],\"inLanguage\":\"de\"}]}<\/script>\n<!-- \/ Yoast SEO plugin. -->","yoast_head_json":{"title":"Vega K90 DUALSTEER\u00ae - Ferrari","description":"Er ist extrem vielseitig und wurde f\u00fcr den Einsatz in Obstplantagen und Weinbergen, auch in Hanglagen und bei begrenztem Spielraum f\u00fcr das Man\u00f6ver am Ende der Reihe, sowie in Gew\u00e4chsh\u00e4usern, Baumschulen und Gemeinden entwickelt.","robots":{"index":"index","follow":"follow","max-snippet":"max-snippet:-1","max-image-preview":"max-image-preview:large","max-video-preview":"max-video-preview:-1"},"canonical":"https:\/\/ferrariagri.com\/de-de\/product\/vega-k90-dualsteer\/","og_locale":"de_DE","og_type":"article","og_title":"Vega K90 DUALSTEER\u00ae - Ferrari","og_description":"Er ist extrem vielseitig und wurde f\u00fcr den Einsatz in Obstplantagen und Weinbergen, auch in Hanglagen und bei begrenztem Spielraum f\u00fcr das Man\u00f6ver am Ende der Reihe, sowie in Gew\u00e4chsh\u00e4usern, Baumschulen und Gemeinden entwickelt.","og_url":"https:\/\/ferrariagri.com\/de-de\/product\/vega-k90-dualsteer\/","og_site_name":"Ferrari","article_modified_time":"2025-09-19T06:58:06+00:00","og_image":[{"width":800,"height":600,"url":"https:\/\/ferrariagri.com\/wp-content\/uploads\/sites\/2\/2021\/05\/Vega-K90-MY24-card.png","type":"image\/png"}],"twitter_card":"summary_large_image","twitter_misc":{"Gesch\u00e4tzte Lesezeit":"1\u00a0Minute"},"schema":{"@context":"https:\/\/schema.org","@graph":[{"@type":"WebPage","@id":"https:\/\/ferrariagri.com\/de-de\/product\/vega-k90-dualsteer\/","url":"https:\/\/ferrariagri.com\/de-de\/product\/vega-k90-dualsteer\/","name":"Vega K90 DUALSTEER\u00ae - Ferrari","isPartOf":{"@id":"https:\/\/ferrariagri.com\/de-de\/#website"},"primaryImageOfPage":{"@id":"https:\/\/ferrariagri.com\/de-de\/product\/vega-k90-dualsteer\/#primaryimage"},"image":{"@id":"https:\/\/ferrariagri.com\/de-de\/product\/vega-k90-dualsteer\/#primaryimage"},"thumbnailUrl":"https:\/\/ferrariagri.com\/wp-content\/uploads\/sites\/2\/2021\/05\/Vega-K90-MY24-card.png","datePublished":"2022-07-27T13:14:33+00:00","dateModified":"2025-09-19T06:58:06+00:00","description":"Er ist extrem vielseitig und wurde f\u00fcr den Einsatz in Obstplantagen und Weinbergen, auch in Hanglagen und bei begrenztem Spielraum f\u00fcr das Man\u00f6ver am Ende der Reihe, sowie in Gew\u00e4chsh\u00e4usern, Baumschulen und Gemeinden entwickelt.","breadcrumb":{"@id":"https:\/\/ferrariagri.com\/de-de\/product\/vega-k90-dualsteer\/#breadcrumb"},"inLanguage":"de","potentialAction":[{"@type":"ReadAction","target":["https:\/\/ferrariagri.com\/de-de\/product\/vega-k90-dualsteer\/"]}]},{"@type":"ImageObject","inLanguage":"de","@id":"https:\/\/ferrariagri.com\/de-de\/product\/vega-k90-dualsteer\/#primaryimage","url":"https:\/\/ferrariagri.com\/wp-content\/uploads\/sites\/2\/2021\/05\/Vega-K90-MY24-card.png","contentUrl":"https:\/\/ferrariagri.com\/wp-content\/uploads\/sites\/2\/2021\/05\/Vega-K90-MY24-card.png","width":800,"height":600,"caption":"Vega-K90-MY24-card"},{"@type":"BreadcrumbList","@id":"https:\/\/ferrariagri.com\/de-de\/product\/vega-k90-dualsteer\/#breadcrumb","itemListElement":[{"@type":"ListItem","position":1,"name":"Home","item":"https:\/\/ferrariagri.com\/de-de\/"},{"@type":"ListItem","position":2,"name":"Vega K90 DUALSTEER\u00ae"}]},{"@type":"WebSite","@id":"https:\/\/ferrariagri.com\/de-de\/#website","url":"https:\/\/ferrariagri.com\/de-de\/","name":"Ferrari","description":"","potentialAction":[{"@type":"SearchAction","target":{"@type":"EntryPoint","urlTemplate":"https:\/\/ferrariagri.com\/de-de\/?s={search_term_string}"},"query-input":{"@type":"PropertyValueSpecification","valueRequired":true,"valueName":"search_term_string"}}],"inLanguage":"de"}]}},"_links":{"self":[{"href":"https:\/\/ferrariagri.com\/de-de\/wp-json\/wp\/v2\/product\/20358","targetHints":{"allow":["GET"]}}],"collection":[{"href":"https:\/\/ferrariagri.com\/de-de\/wp-json\/wp\/v2\/product"}],"about":[{"href":"https:\/\/ferrariagri.com\/de-de\/wp-json\/wp\/v2\/types\/product"}],"author":[{"embeddable":true,"href":"https:\/\/ferrariagri.com\/de-de\/wp-json\/wp\/v2\/users\/2"}],"wp:featuredmedia":[{"embeddable":true,"href":"https:\/\/ferrariagri.com\/de-de\/wp-json\/wp\/v2\/media\/32040"}],"wp:attachment":[{"href":"https:\/\/ferrariagri.com\/de-de\/wp-json\/wp\/v2\/media?parent=20358"}],"wp:term":[{"taxonomy":"product_category","embeddable":true,"href":"https:\/\/ferrariagri.com\/de-de\/wp-json\/wp\/v2\/product_category?post=20358"},{"taxonomy":"field_of_application","embeddable":true,"href":"https:\/\/ferrariagri.com\/de-de\/wp-json\/wp\/v2\/field_of_application?post=20358"},{"taxonomy":"in_promotion","embeddable":true,"href":"https:\/\/ferrariagri.com\/de-de\/wp-json\/wp\/v2\/in_promotion?post=20358"},{"taxonomy":"filter_mdv-power","embeddable":true,"href":"https:\/\/ferrariagri.com\/de-de\/wp-json\/wp\/v2\/filter_mdv-power?post=20358"},{"taxonomy":"filter_app-field-tractors","embeddable":true,"href":"https:\/\/ferrariagri.com\/de-de\/wp-json\/wp\/v2\/filter_app-field-tractors?post=20358"},{"taxonomy":"filter_use_attrezzature","embeddable":true,"href":"https:\/\/ferrariagri.com\/de-de\/wp-json\/wp\/v2\/filter_use_attrezzature?post=20358"},{"taxonomy":"filter_filter-use_mf-mc","embeddable":true,"href":"https:\/\/ferrariagri.com\/de-de\/wp-json\/wp\/v2\/filter_filter-use_mf-mc?post=20358"},{"taxonomy":"filter_grass-collector","embeddable":true,"href":"https:\/\/ferrariagri.com\/de-de\/wp-json\/wp\/v2\/filter_grass-collector?post=20358"},{"taxonomy":"filter_wheels-type","embeddable":true,"href":"https:\/\/ferrariagri.com\/de-de\/wp-json\/wp\/v2\/filter_wheels-type?post=20358"},{"taxonomy":"filter_driving-position","embeddable":true,"href":"https:\/\/ferrariagri.com\/de-de\/wp-json\/wp\/v2\/filter_driving-position?post=20358"},{"taxonomy":"filter_chassis","embeddable":true,"href":"https:\/\/ferrariagri.com\/de-de\/wp-json\/wp\/v2\/filter_chassis?post=20358"},{"taxonomy":"filter_trattori-power","embeddable":true,"href":"https:\/\/ferrariagri.com\/de-de\/wp-json\/wp\/v2\/filter_trattori-power?post=20358"},{"taxonomy":"filter_conditioner","embeddable":true,"href":"https:\/\/ferrariagri.com\/de-de\/wp-json\/wp\/v2\/filter_conditioner?post=20358"},{"taxonomy":"filter_applicable","embeddable":true,"href":"https:\/\/ferrariagri.com\/de-de\/wp-json\/wp\/v2\/filter_applicable?post=20358"},{"taxonomy":"filter_type","embeddable":true,"href":"https:\/\/ferrariagri.com\/de-de\/wp-json\/wp\/v2\/filter_type?post=20358"},{"taxonomy":"filter_differential","embeddable":true,"href":"https:\/\/ferrariagri.com\/de-de\/wp-json\/wp\/v2\/filter_differential?post=20358"},{"taxonomy":"filter_engine","embeddable":true,"href":"https:\/\/ferrariagri.com\/de-de\/wp-json\/wp\/v2\/filter_engine?post=20358"},{"taxonomy":"filter_clutch","embeddable":true,"href":"https:\/\/ferrariagri.com\/de-de\/wp-json\/wp\/v2\/filter_clutch?post=20358"},{"taxonomy":"filter_transmission","embeddable":true,"href":"https:\/\/ferrariagri.com\/de-de\/wp-json\/wp\/v2\/filter_transmission?post=20358"},{"taxonomy":"filter_use","embeddable":true,"href":"https:\/\/ferrariagri.com\/de-de\/wp-json\/wp\/v2\/filter_use?post=20358"}],"curies":[{"name":"wp","href":"https:\/\/api.w.org\/{rel}","templated":true}]}}