{"id":21386,"date":"2022-09-09T13:51:15","date_gmt":"2022-09-09T13:51:15","guid":{"rendered":"https:\/\/bcsagri.staging2.welcomedigital.it\/?post_type=product&#038;p=21386"},"modified":"2025-01-14T14:57:24","modified_gmt":"2025-01-14T12:57:24","slug":"raptor-40","status":"publish","type":"product","link":"https:\/\/ferrariagri.com\/fr-001\/product\/raptor-40\/","title":{"rendered":"Raptor 40"},"content":{"rendered":"","protected":false},"excerpt":{"rendered":"","protected":false},"author":2,"featured_media":28572,"parent":0,"menu_order":65,"template":"","product_category":[159],"field_of_application":[560,561,562,565,566,567],"in_promotion":[],"filter_mdv-power":[],"filter_app-field-tractors":[],"filter_use_attrezzature":[],"filter_filter-use_mf-mc":[],"filter_grass-collector":[],"filter_wheels-type":[295],"filter_driving-position":[],"filter_chassis":[321],"filter_trattori-power":[599],"filter_conditioner":[],"filter_applicable":[],"filter_type":[],"filter_differential":[],"filter_engine":[],"filter_clutch":[],"filter_transmission":[],"filter_use":[],"class_list":["post-21386","product","type-product","status-publish","has-post-thumbnail","hentry","field_of_application-vignoble-fr-001","field_of_application-verger-fr-001","field_of_application-serre-fr-001","field_of_application-entretien-des-espaces-verts-fr-001","field_of_application-municipalite-fr-001","field_of_application-agriculteur-amateur-fr-001","filter_wheels-type-roues-differenciees-fr-001","filter_chassis-roues-directrices-fr-001","filter_trattori-power-jusqua-40-cv-fr-001"],"acf":[],"yoast_head":"<!-- This site is optimized with the Yoast SEO plugin v26.3 - https:\/\/yoast.com\/wordpress\/plugins\/seo\/ -->\n<title>Raptor 40 - Ferrari<\/title>\n<meta name=\"description\" content=\"La traction 4WD, l\u2019empattement court et les grands angles de braquage rendent le Vivid 400 extr\u00eamement performants dans les cultures en rang\u00e9es, les vignes et les vergers mais \u00e9galement dans tous les travaux d&#039;entretien d&#039;\u00e9t\u00e9 et d&#039;hiver\" \/>\n<meta name=\"robots\" content=\"index, follow, max-snippet:-1, max-image-preview:large, max-video-preview:-1\" \/>\n<link rel=\"canonical\" href=\"https:\/\/ferrariagri.com\/fr-001\/product\/raptor-40\/\" \/>\n<meta property=\"og:locale\" content=\"fr_FR\" \/>\n<meta property=\"og:type\" content=\"article\" \/>\n<meta property=\"og:title\" content=\"Raptor 40 - Ferrari\" \/>\n<meta property=\"og:description\" content=\"La traction 4WD, l\u2019empattement court et les grands angles de braquage rendent le Vivid 400 extr\u00eamement performants dans les cultures en rang\u00e9es, les vignes et les vergers mais \u00e9galement dans tous les travaux d&#039;entretien d&#039;\u00e9t\u00e9 et d&#039;hiver\" \/>\n<meta property=\"og:url\" content=\"https:\/\/ferrariagri.com\/fr-001\/product\/raptor-40\/\" \/>\n<meta property=\"og:site_name\" content=\"Ferrari\" \/>\n<meta property=\"article:modified_time\" content=\"2025-01-14T12:57:24+00:00\" \/>\n<meta property=\"og:image\" content=\"https:\/\/ferrariagri.com\/wp-content\/uploads\/sites\/2\/2022\/09\/Raptor-40-Extra-CE-CARD.png\" \/>\n\t<meta property=\"og:image:width\" content=\"800\" \/>\n\t<meta property=\"og:image:height\" content=\"600\" \/>\n\t<meta property=\"og:image:type\" content=\"image\/png\" \/>\n<meta name=\"twitter:card\" content=\"summary_large_image\" \/>\n<meta name=\"twitter:label1\" content=\"Est. reading time\" \/>\n\t<meta name=\"twitter:data1\" content=\"1 minute\" \/>\n<script type=\"application\/ld+json\" class=\"yoast-schema-graph\">{\"@context\":\"https:\/\/schema.org\",\"@graph\":[{\"@type\":\"WebPage\",\"@id\":\"https:\/\/ferrariagri.com\/fr-001\/product\/raptor-40\/\",\"url\":\"https:\/\/ferrariagri.com\/fr-001\/product\/raptor-40\/\",\"name\":\"Raptor 40 - Ferrari\",\"isPartOf\":{\"@id\":\"https:\/\/ferrariagri.com\/fr-001\/#website\"},\"primaryImageOfPage\":{\"@id\":\"https:\/\/ferrariagri.com\/fr-001\/product\/raptor-40\/#primaryimage\"},\"image\":{\"@id\":\"https:\/\/ferrariagri.com\/fr-001\/product\/raptor-40\/#primaryimage\"},\"thumbnailUrl\":\"https:\/\/ferrariagri.com\/wp-content\/uploads\/sites\/2\/2022\/09\/Raptor-40-Extra-CE-CARD.png\",\"datePublished\":\"2022-09-09T13:51:15+00:00\",\"dateModified\":\"2025-01-14T12:57:24+00:00\",\"description\":\"La traction 4WD, l\u2019empattement court et les grands angles de braquage rendent le Vivid 400 extr\u00eamement performants dans les cultures en rang\u00e9es, les vignes et les vergers mais \u00e9galement dans tous les travaux d'entretien d'\u00e9t\u00e9 et d'hiver\",\"breadcrumb\":{\"@id\":\"https:\/\/ferrariagri.com\/fr-001\/product\/raptor-40\/#breadcrumb\"},\"inLanguage\":\"fr-001\",\"potentialAction\":[{\"@type\":\"ReadAction\",\"target\":[\"https:\/\/ferrariagri.com\/fr-001\/product\/raptor-40\/\"]}]},{\"@type\":\"ImageObject\",\"inLanguage\":\"fr-001\",\"@id\":\"https:\/\/ferrariagri.com\/fr-001\/product\/raptor-40\/#primaryimage\",\"url\":\"https:\/\/ferrariagri.com\/wp-content\/uploads\/sites\/2\/2022\/09\/Raptor-40-Extra-CE-CARD.png\",\"contentUrl\":\"https:\/\/ferrariagri.com\/wp-content\/uploads\/sites\/2\/2022\/09\/Raptor-40-Extra-CE-CARD.png\",\"width\":800,\"height\":600,\"caption\":\"Raptor-40-Extra-CE-CARD\"},{\"@type\":\"BreadcrumbList\",\"@id\":\"https:\/\/ferrariagri.com\/fr-001\/product\/raptor-40\/#breadcrumb\",\"itemListElement\":[{\"@type\":\"ListItem\",\"position\":1,\"name\":\"Home\",\"item\":\"https:\/\/ferrariagri.com\/fr-001\/\"},{\"@type\":\"ListItem\",\"position\":2,\"name\":\"Raptor 40\"}]},{\"@type\":\"WebSite\",\"@id\":\"https:\/\/ferrariagri.com\/fr-001\/#website\",\"url\":\"https:\/\/ferrariagri.com\/fr-001\/\",\"name\":\"Ferrari\",\"description\":\"\",\"potentialAction\":[{\"@type\":\"SearchAction\",\"target\":{\"@type\":\"EntryPoint\",\"urlTemplate\":\"https:\/\/ferrariagri.com\/fr-001\/?s={search_term_string}\"},\"query-input\":{\"@type\":\"PropertyValueSpecification\",\"valueRequired\":true,\"valueName\":\"search_term_string\"}}],\"inLanguage\":\"fr-001\"}]}<\/script>\n<!-- \/ Yoast SEO plugin. -->","yoast_head_json":{"title":"Raptor 40 - Ferrari","description":"La traction 4WD, l\u2019empattement court et les grands angles de braquage rendent le Vivid 400 extr\u00eamement performants dans les cultures en rang\u00e9es, les vignes et les vergers mais \u00e9galement dans tous les travaux d'entretien d'\u00e9t\u00e9 et d'hiver","robots":{"index":"index","follow":"follow","max-snippet":"max-snippet:-1","max-image-preview":"max-image-preview:large","max-video-preview":"max-video-preview:-1"},"canonical":"https:\/\/ferrariagri.com\/fr-001\/product\/raptor-40\/","og_locale":"fr_FR","og_type":"article","og_title":"Raptor 40 - Ferrari","og_description":"La traction 4WD, l\u2019empattement court et les grands angles de braquage rendent le Vivid 400 extr\u00eamement performants dans les cultures en rang\u00e9es, les vignes et les vergers mais \u00e9galement dans tous les travaux d'entretien d'\u00e9t\u00e9 et d'hiver","og_url":"https:\/\/ferrariagri.com\/fr-001\/product\/raptor-40\/","og_site_name":"Ferrari","article_modified_time":"2025-01-14T12:57:24+00:00","og_image":[{"width":800,"height":600,"url":"https:\/\/ferrariagri.com\/wp-content\/uploads\/sites\/2\/2022\/09\/Raptor-40-Extra-CE-CARD.png","type":"image\/png"}],"twitter_card":"summary_large_image","twitter_misc":{"Est. reading time":"1 minute"},"schema":{"@context":"https:\/\/schema.org","@graph":[{"@type":"WebPage","@id":"https:\/\/ferrariagri.com\/fr-001\/product\/raptor-40\/","url":"https:\/\/ferrariagri.com\/fr-001\/product\/raptor-40\/","name":"Raptor 40 - Ferrari","isPartOf":{"@id":"https:\/\/ferrariagri.com\/fr-001\/#website"},"primaryImageOfPage":{"@id":"https:\/\/ferrariagri.com\/fr-001\/product\/raptor-40\/#primaryimage"},"image":{"@id":"https:\/\/ferrariagri.com\/fr-001\/product\/raptor-40\/#primaryimage"},"thumbnailUrl":"https:\/\/ferrariagri.com\/wp-content\/uploads\/sites\/2\/2022\/09\/Raptor-40-Extra-CE-CARD.png","datePublished":"2022-09-09T13:51:15+00:00","dateModified":"2025-01-14T12:57:24+00:00","description":"La traction 4WD, l\u2019empattement court et les grands angles de braquage rendent le Vivid 400 extr\u00eamement performants dans les cultures en rang\u00e9es, les vignes et les vergers mais \u00e9galement dans tous les travaux d'entretien d'\u00e9t\u00e9 et d'hiver","breadcrumb":{"@id":"https:\/\/ferrariagri.com\/fr-001\/product\/raptor-40\/#breadcrumb"},"inLanguage":"fr-001","potentialAction":[{"@type":"ReadAction","target":["https:\/\/ferrariagri.com\/fr-001\/product\/raptor-40\/"]}]},{"@type":"ImageObject","inLanguage":"fr-001","@id":"https:\/\/ferrariagri.com\/fr-001\/product\/raptor-40\/#primaryimage","url":"https:\/\/ferrariagri.com\/wp-content\/uploads\/sites\/2\/2022\/09\/Raptor-40-Extra-CE-CARD.png","contentUrl":"https:\/\/ferrariagri.com\/wp-content\/uploads\/sites\/2\/2022\/09\/Raptor-40-Extra-CE-CARD.png","width":800,"height":600,"caption":"Raptor-40-Extra-CE-CARD"},{"@type":"BreadcrumbList","@id":"https:\/\/ferrariagri.com\/fr-001\/product\/raptor-40\/#breadcrumb","itemListElement":[{"@type":"ListItem","position":1,"name":"Home","item":"https:\/\/ferrariagri.com\/fr-001\/"},{"@type":"ListItem","position":2,"name":"Raptor 40"}]},{"@type":"WebSite","@id":"https:\/\/ferrariagri.com\/fr-001\/#website","url":"https:\/\/ferrariagri.com\/fr-001\/","name":"Ferrari","description":"","potentialAction":[{"@type":"SearchAction","target":{"@type":"EntryPoint","urlTemplate":"https:\/\/ferrariagri.com\/fr-001\/?s={search_term_string}"},"query-input":{"@type":"PropertyValueSpecification","valueRequired":true,"valueName":"search_term_string"}}],"inLanguage":"fr-001"}]}},"_links":{"self":[{"href":"https:\/\/ferrariagri.com\/fr-001\/wp-json\/wp\/v2\/product\/21386","targetHints":{"allow":["GET"]}}],"collection":[{"href":"https:\/\/ferrariagri.com\/fr-001\/wp-json\/wp\/v2\/product"}],"about":[{"href":"https:\/\/ferrariagri.com\/fr-001\/wp-json\/wp\/v2\/types\/product"}],"author":[{"embeddable":true,"href":"https:\/\/ferrariagri.com\/fr-001\/wp-json\/wp\/v2\/users\/2"}],"wp:featuredmedia":[{"embeddable":true,"href":"https:\/\/ferrariagri.com\/fr-001\/wp-json\/wp\/v2\/media\/28572"}],"wp:attachment":[{"href":"https:\/\/ferrariagri.com\/fr-001\/wp-json\/wp\/v2\/media?parent=21386"}],"wp:term":[{"taxonomy":"product_category","embeddable":true,"href":"https:\/\/ferrariagri.com\/fr-001\/wp-json\/wp\/v2\/product_category?post=21386"},{"taxonomy":"field_of_application","embeddable":true,"href":"https:\/\/ferrariagri.com\/fr-001\/wp-json\/wp\/v2\/field_of_application?post=21386"},{"taxonomy":"in_promotion","embeddable":true,"href":"https:\/\/ferrariagri.com\/fr-001\/wp-json\/wp\/v2\/in_promotion?post=21386"},{"taxonomy":"filter_mdv-power","embeddable":true,"href":"https:\/\/ferrariagri.com\/fr-001\/wp-json\/wp\/v2\/filter_mdv-power?post=21386"},{"taxonomy":"filter_app-field-tractors","embeddable":true,"href":"https:\/\/ferrariagri.com\/fr-001\/wp-json\/wp\/v2\/filter_app-field-tractors?post=21386"},{"taxonomy":"filter_use_attrezzature","embeddable":true,"href":"https:\/\/ferrariagri.com\/fr-001\/wp-json\/wp\/v2\/filter_use_attrezzature?post=21386"},{"taxonomy":"filter_filter-use_mf-mc","embeddable":true,"href":"https:\/\/ferrariagri.com\/fr-001\/wp-json\/wp\/v2\/filter_filter-use_mf-mc?post=21386"},{"taxonomy":"filter_grass-collector","embeddable":true,"href":"https:\/\/ferrariagri.com\/fr-001\/wp-json\/wp\/v2\/filter_grass-collector?post=21386"},{"taxonomy":"filter_wheels-type","embeddable":true,"href":"https:\/\/ferrariagri.com\/fr-001\/wp-json\/wp\/v2\/filter_wheels-type?post=21386"},{"taxonomy":"filter_driving-position","embeddable":true,"href":"https:\/\/ferrariagri.com\/fr-001\/wp-json\/wp\/v2\/filter_driving-position?post=21386"},{"taxonomy":"filter_chassis","embeddable":true,"href":"https:\/\/ferrariagri.com\/fr-001\/wp-json\/wp\/v2\/filter_chassis?post=21386"},{"taxonomy":"filter_trattori-power","embeddable":true,"href":"https:\/\/ferrariagri.com\/fr-001\/wp-json\/wp\/v2\/filter_trattori-power?post=21386"},{"taxonomy":"filter_conditioner","embeddable":true,"href":"https:\/\/ferrariagri.com\/fr-001\/wp-json\/wp\/v2\/filter_conditioner?post=21386"},{"taxonomy":"filter_applicable","embeddable":true,"href":"https:\/\/ferrariagri.com\/fr-001\/wp-json\/wp\/v2\/filter_applicable?post=21386"},{"taxonomy":"filter_type","embeddable":true,"href":"https:\/\/ferrariagri.com\/fr-001\/wp-json\/wp\/v2\/filter_type?post=21386"},{"taxonomy":"filter_differential","embeddable":true,"href":"https:\/\/ferrariagri.com\/fr-001\/wp-json\/wp\/v2\/filter_differential?post=21386"},{"taxonomy":"filter_engine","embeddable":true,"href":"https:\/\/ferrariagri.com\/fr-001\/wp-json\/wp\/v2\/filter_engine?post=21386"},{"taxonomy":"filter_clutch","embeddable":true,"href":"https:\/\/ferrariagri.com\/fr-001\/wp-json\/wp\/v2\/filter_clutch?post=21386"},{"taxonomy":"filter_transmission","embeddable":true,"href":"https:\/\/ferrariagri.com\/fr-001\/wp-json\/wp\/v2\/filter_transmission?post=21386"},{"taxonomy":"filter_use","embeddable":true,"href":"https:\/\/ferrariagri.com\/fr-001\/wp-json\/wp\/v2\/filter_use?post=21386"}],"curies":[{"name":"wp","href":"https:\/\/api.w.org\/{rel}","templated":true}]}}