{"id":33626,"date":"2024-02-28T16:51:47","date_gmt":"2024-02-28T14:51:47","guid":{"rendered":"https:\/\/ferrariagri.com\/?post_type=product&#038;p=33626"},"modified":"2025-12-11T12:36:40","modified_gmt":"2025-12-11T10:36:40","slug":"306-powersafe","status":"publish","type":"product","link":"https:\/\/ferrariagri.com\/fr-001\/product\/306-powersafe\/","title":{"rendered":"306 PowerSafe\u00ae"},"content":{"rendered":"","protected":false},"excerpt":{"rendered":"","protected":false},"author":2,"featured_media":34116,"parent":0,"menu_order":111,"template":"","product_category":[156],"field_of_application":[],"in_promotion":[],"filter_mdv-power":[],"filter_app-field-tractors":[],"filter_use_attrezzature":[],"filter_filter-use_mf-mc":[264],"filter_grass-collector":[],"filter_wheels-type":[],"filter_driving-position":[],"filter_chassis":[],"filter_trattori-power":[],"filter_conditioner":[],"filter_applicable":[],"filter_type":[],"filter_differential":[383],"filter_engine":[388],"filter_clutch":[402],"filter_transmission":[419],"filter_use":[],"class_list":["post-33626","product","type-product","status-publish","has-post-thumbnail","hentry","filter_filter-use_mf-mc-amateur-fr-001","filter_differential-sans-fr-001","filter_engine-essence-fr-001","filter_clutch-a-bain-dhuile-fr-001","filter_transmission-mecanique-fr-001"],"acf":[],"yoast_head":"<!-- This site is optimized with the Yoast SEO plugin v26.3 - https:\/\/yoast.com\/wordpress\/plugins\/seo\/ -->\n<title>306 PowerSafe\u00ae - Ferrari<\/title>\n<meta name=\"description\" content=\"Petit motoculteur l\u00e9ger et extr\u00eamement compact, id\u00e9al pour travailler avec simplicit\u00e9 dans les petites potagers et jardins priv\u00e9es ou dans les espaces restreints.\" \/>\n<meta name=\"robots\" content=\"index, follow, max-snippet:-1, max-image-preview:large, max-video-preview:-1\" \/>\n<link rel=\"canonical\" href=\"https:\/\/ferrariagri.com\/fr-001\/product\/306-powersafe\/\" \/>\n<meta property=\"og:locale\" content=\"fr_FR\" \/>\n<meta property=\"og:type\" content=\"article\" \/>\n<meta property=\"og:title\" content=\"306 PowerSafe\u00ae - Ferrari\" \/>\n<meta property=\"og:description\" content=\"Petit motoculteur l\u00e9ger et extr\u00eamement compact, id\u00e9al pour travailler avec simplicit\u00e9 dans les petites potagers et jardins priv\u00e9es ou dans les espaces restreints.\" \/>\n<meta property=\"og:url\" content=\"https:\/\/ferrariagri.com\/fr-001\/product\/306-powersafe\/\" \/>\n<meta property=\"og:site_name\" content=\"Ferrari\" \/>\n<meta property=\"article:modified_time\" content=\"2025-12-11T10:36:40+00:00\" \/>\n<meta property=\"og:image\" content=\"https:\/\/ferrariagri.com\/wp-content\/uploads\/sites\/2\/2024\/02\/306-PowerSafe-Smart-card.png\" \/>\n\t<meta property=\"og:image:width\" content=\"800\" \/>\n\t<meta property=\"og:image:height\" content=\"600\" \/>\n\t<meta property=\"og:image:type\" content=\"image\/png\" \/>\n<meta name=\"twitter:card\" content=\"summary_large_image\" \/>\n<meta name=\"twitter:label1\" content=\"Est. reading time\" \/>\n\t<meta name=\"twitter:data1\" content=\"1 minute\" \/>\n<script type=\"application\/ld+json\" class=\"yoast-schema-graph\">{\"@context\":\"https:\/\/schema.org\",\"@graph\":[{\"@type\":\"WebPage\",\"@id\":\"https:\/\/ferrariagri.com\/fr-001\/product\/306-powersafe\/\",\"url\":\"https:\/\/ferrariagri.com\/fr-001\/product\/306-powersafe\/\",\"name\":\"306 PowerSafe\u00ae - Ferrari\",\"isPartOf\":{\"@id\":\"https:\/\/ferrariagri.com\/fr-001\/#website\"},\"primaryImageOfPage\":{\"@id\":\"https:\/\/ferrariagri.com\/fr-001\/product\/306-powersafe\/#primaryimage\"},\"image\":{\"@id\":\"https:\/\/ferrariagri.com\/fr-001\/product\/306-powersafe\/#primaryimage\"},\"thumbnailUrl\":\"https:\/\/ferrariagri.com\/wp-content\/uploads\/sites\/2\/2024\/02\/306-PowerSafe-Smart-card.png\",\"datePublished\":\"2024-02-28T14:51:47+00:00\",\"dateModified\":\"2025-12-11T10:36:40+00:00\",\"description\":\"Petit motoculteur l\u00e9ger et extr\u00eamement compact, id\u00e9al pour travailler avec simplicit\u00e9 dans les petites potagers et jardins priv\u00e9es ou dans les espaces restreints.\",\"breadcrumb\":{\"@id\":\"https:\/\/ferrariagri.com\/fr-001\/product\/306-powersafe\/#breadcrumb\"},\"inLanguage\":\"fr-001\",\"potentialAction\":[{\"@type\":\"ReadAction\",\"target\":[\"https:\/\/ferrariagri.com\/fr-001\/product\/306-powersafe\/\"]}]},{\"@type\":\"ImageObject\",\"inLanguage\":\"fr-001\",\"@id\":\"https:\/\/ferrariagri.com\/fr-001\/product\/306-powersafe\/#primaryimage\",\"url\":\"https:\/\/ferrariagri.com\/wp-content\/uploads\/sites\/2\/2024\/02\/306-PowerSafe-Smart-card.png\",\"contentUrl\":\"https:\/\/ferrariagri.com\/wp-content\/uploads\/sites\/2\/2024\/02\/306-PowerSafe-Smart-card.png\",\"width\":800,\"height\":600,\"caption\":\"306-SmartSafe\"},{\"@type\":\"BreadcrumbList\",\"@id\":\"https:\/\/ferrariagri.com\/fr-001\/product\/306-powersafe\/#breadcrumb\",\"itemListElement\":[{\"@type\":\"ListItem\",\"position\":1,\"name\":\"Home\",\"item\":\"https:\/\/ferrariagri.com\/fr-001\/\"},{\"@type\":\"ListItem\",\"position\":2,\"name\":\"306 PowerSafe\u00ae\"}]},{\"@type\":\"WebSite\",\"@id\":\"https:\/\/ferrariagri.com\/fr-001\/#website\",\"url\":\"https:\/\/ferrariagri.com\/fr-001\/\",\"name\":\"Ferrari\",\"description\":\"\",\"potentialAction\":[{\"@type\":\"SearchAction\",\"target\":{\"@type\":\"EntryPoint\",\"urlTemplate\":\"https:\/\/ferrariagri.com\/fr-001\/?s={search_term_string}\"},\"query-input\":{\"@type\":\"PropertyValueSpecification\",\"valueRequired\":true,\"valueName\":\"search_term_string\"}}],\"inLanguage\":\"fr-001\"}]}<\/script>\n<!-- \/ Yoast SEO plugin. -->","yoast_head_json":{"title":"306 PowerSafe\u00ae - Ferrari","description":"Petit motoculteur l\u00e9ger et extr\u00eamement compact, id\u00e9al pour travailler avec simplicit\u00e9 dans les petites potagers et jardins priv\u00e9es ou dans les espaces restreints.","robots":{"index":"index","follow":"follow","max-snippet":"max-snippet:-1","max-image-preview":"max-image-preview:large","max-video-preview":"max-video-preview:-1"},"canonical":"https:\/\/ferrariagri.com\/fr-001\/product\/306-powersafe\/","og_locale":"fr_FR","og_type":"article","og_title":"306 PowerSafe\u00ae - Ferrari","og_description":"Petit motoculteur l\u00e9ger et extr\u00eamement compact, id\u00e9al pour travailler avec simplicit\u00e9 dans les petites potagers et jardins priv\u00e9es ou dans les espaces restreints.","og_url":"https:\/\/ferrariagri.com\/fr-001\/product\/306-powersafe\/","og_site_name":"Ferrari","article_modified_time":"2025-12-11T10:36:40+00:00","og_image":[{"width":800,"height":600,"url":"https:\/\/ferrariagri.com\/wp-content\/uploads\/sites\/2\/2024\/02\/306-PowerSafe-Smart-card.png","type":"image\/png"}],"twitter_card":"summary_large_image","twitter_misc":{"Est. reading time":"1 minute"},"schema":{"@context":"https:\/\/schema.org","@graph":[{"@type":"WebPage","@id":"https:\/\/ferrariagri.com\/fr-001\/product\/306-powersafe\/","url":"https:\/\/ferrariagri.com\/fr-001\/product\/306-powersafe\/","name":"306 PowerSafe\u00ae - Ferrari","isPartOf":{"@id":"https:\/\/ferrariagri.com\/fr-001\/#website"},"primaryImageOfPage":{"@id":"https:\/\/ferrariagri.com\/fr-001\/product\/306-powersafe\/#primaryimage"},"image":{"@id":"https:\/\/ferrariagri.com\/fr-001\/product\/306-powersafe\/#primaryimage"},"thumbnailUrl":"https:\/\/ferrariagri.com\/wp-content\/uploads\/sites\/2\/2024\/02\/306-PowerSafe-Smart-card.png","datePublished":"2024-02-28T14:51:47+00:00","dateModified":"2025-12-11T10:36:40+00:00","description":"Petit motoculteur l\u00e9ger et extr\u00eamement compact, id\u00e9al pour travailler avec simplicit\u00e9 dans les petites potagers et jardins priv\u00e9es ou dans les espaces restreints.","breadcrumb":{"@id":"https:\/\/ferrariagri.com\/fr-001\/product\/306-powersafe\/#breadcrumb"},"inLanguage":"fr-001","potentialAction":[{"@type":"ReadAction","target":["https:\/\/ferrariagri.com\/fr-001\/product\/306-powersafe\/"]}]},{"@type":"ImageObject","inLanguage":"fr-001","@id":"https:\/\/ferrariagri.com\/fr-001\/product\/306-powersafe\/#primaryimage","url":"https:\/\/ferrariagri.com\/wp-content\/uploads\/sites\/2\/2024\/02\/306-PowerSafe-Smart-card.png","contentUrl":"https:\/\/ferrariagri.com\/wp-content\/uploads\/sites\/2\/2024\/02\/306-PowerSafe-Smart-card.png","width":800,"height":600,"caption":"306-SmartSafe"},{"@type":"BreadcrumbList","@id":"https:\/\/ferrariagri.com\/fr-001\/product\/306-powersafe\/#breadcrumb","itemListElement":[{"@type":"ListItem","position":1,"name":"Home","item":"https:\/\/ferrariagri.com\/fr-001\/"},{"@type":"ListItem","position":2,"name":"306 PowerSafe\u00ae"}]},{"@type":"WebSite","@id":"https:\/\/ferrariagri.com\/fr-001\/#website","url":"https:\/\/ferrariagri.com\/fr-001\/","name":"Ferrari","description":"","potentialAction":[{"@type":"SearchAction","target":{"@type":"EntryPoint","urlTemplate":"https:\/\/ferrariagri.com\/fr-001\/?s={search_term_string}"},"query-input":{"@type":"PropertyValueSpecification","valueRequired":true,"valueName":"search_term_string"}}],"inLanguage":"fr-001"}]}},"_links":{"self":[{"href":"https:\/\/ferrariagri.com\/fr-001\/wp-json\/wp\/v2\/product\/33626","targetHints":{"allow":["GET"]}}],"collection":[{"href":"https:\/\/ferrariagri.com\/fr-001\/wp-json\/wp\/v2\/product"}],"about":[{"href":"https:\/\/ferrariagri.com\/fr-001\/wp-json\/wp\/v2\/types\/product"}],"author":[{"embeddable":true,"href":"https:\/\/ferrariagri.com\/fr-001\/wp-json\/wp\/v2\/users\/2"}],"wp:featuredmedia":[{"embeddable":true,"href":"https:\/\/ferrariagri.com\/fr-001\/wp-json\/wp\/v2\/media\/34116"}],"wp:attachment":[{"href":"https:\/\/ferrariagri.com\/fr-001\/wp-json\/wp\/v2\/media?parent=33626"}],"wp:term":[{"taxonomy":"product_category","embeddable":true,"href":"https:\/\/ferrariagri.com\/fr-001\/wp-json\/wp\/v2\/product_category?post=33626"},{"taxonomy":"field_of_application","embeddable":true,"href":"https:\/\/ferrariagri.com\/fr-001\/wp-json\/wp\/v2\/field_of_application?post=33626"},{"taxonomy":"in_promotion","embeddable":true,"href":"https:\/\/ferrariagri.com\/fr-001\/wp-json\/wp\/v2\/in_promotion?post=33626"},{"taxonomy":"filter_mdv-power","embeddable":true,"href":"https:\/\/ferrariagri.com\/fr-001\/wp-json\/wp\/v2\/filter_mdv-power?post=33626"},{"taxonomy":"filter_app-field-tractors","embeddable":true,"href":"https:\/\/ferrariagri.com\/fr-001\/wp-json\/wp\/v2\/filter_app-field-tractors?post=33626"},{"taxonomy":"filter_use_attrezzature","embeddable":true,"href":"https:\/\/ferrariagri.com\/fr-001\/wp-json\/wp\/v2\/filter_use_attrezzature?post=33626"},{"taxonomy":"filter_filter-use_mf-mc","embeddable":true,"href":"https:\/\/ferrariagri.com\/fr-001\/wp-json\/wp\/v2\/filter_filter-use_mf-mc?post=33626"},{"taxonomy":"filter_grass-collector","embeddable":true,"href":"https:\/\/ferrariagri.com\/fr-001\/wp-json\/wp\/v2\/filter_grass-collector?post=33626"},{"taxonomy":"filter_wheels-type","embeddable":true,"href":"https:\/\/ferrariagri.com\/fr-001\/wp-json\/wp\/v2\/filter_wheels-type?post=33626"},{"taxonomy":"filter_driving-position","embeddable":true,"href":"https:\/\/ferrariagri.com\/fr-001\/wp-json\/wp\/v2\/filter_driving-position?post=33626"},{"taxonomy":"filter_chassis","embeddable":true,"href":"https:\/\/ferrariagri.com\/fr-001\/wp-json\/wp\/v2\/filter_chassis?post=33626"},{"taxonomy":"filter_trattori-power","embeddable":true,"href":"https:\/\/ferrariagri.com\/fr-001\/wp-json\/wp\/v2\/filter_trattori-power?post=33626"},{"taxonomy":"filter_conditioner","embeddable":true,"href":"https:\/\/ferrariagri.com\/fr-001\/wp-json\/wp\/v2\/filter_conditioner?post=33626"},{"taxonomy":"filter_applicable","embeddable":true,"href":"https:\/\/ferrariagri.com\/fr-001\/wp-json\/wp\/v2\/filter_applicable?post=33626"},{"taxonomy":"filter_type","embeddable":true,"href":"https:\/\/ferrariagri.com\/fr-001\/wp-json\/wp\/v2\/filter_type?post=33626"},{"taxonomy":"filter_differential","embeddable":true,"href":"https:\/\/ferrariagri.com\/fr-001\/wp-json\/wp\/v2\/filter_differential?post=33626"},{"taxonomy":"filter_engine","embeddable":true,"href":"https:\/\/ferrariagri.com\/fr-001\/wp-json\/wp\/v2\/filter_engine?post=33626"},{"taxonomy":"filter_clutch","embeddable":true,"href":"https:\/\/ferrariagri.com\/fr-001\/wp-json\/wp\/v2\/filter_clutch?post=33626"},{"taxonomy":"filter_transmission","embeddable":true,"href":"https:\/\/ferrariagri.com\/fr-001\/wp-json\/wp\/v2\/filter_transmission?post=33626"},{"taxonomy":"filter_use","embeddable":true,"href":"https:\/\/ferrariagri.com\/fr-001\/wp-json\/wp\/v2\/filter_use?post=33626"}],"curies":[{"name":"wp","href":"https:\/\/api.w.org\/{rel}","templated":true}]}}