{"id":19385,"date":"2022-06-17T07:16:23","date_gmt":"2022-06-17T07:16:23","guid":{"rendered":"https:\/\/bcsagri.staging2.welcomedigital.it\/?post_type=product&#038;p=19385"},"modified":"2025-09-19T08:56:44","modified_gmt":"2025-09-19T06:56:44","slug":"vega-k90-ar","status":"publish","type":"product","link":"https:\/\/ferrariagri.com\/fr-fr\/product\/vega-k90-ar\/","title":{"rendered":"Vega K90 AR"},"content":{"rendered":"","protected":false},"excerpt":{"rendered":"","protected":false},"author":2,"featured_media":32044,"parent":0,"menu_order":255,"template":"","product_category":[153],"field_of_application":[552,553,554,557,558],"in_promotion":[],"filter_mdv-power":[],"filter_app-field-tractors":[],"filter_use_attrezzature":[],"filter_filter-use_mf-mc":[],"filter_grass-collector":[],"filter_wheels-type":[292],"filter_driving-position":[304],"filter_chassis":[316],"filter_trattori-power":[598],"filter_conditioner":[],"filter_applicable":[],"filter_type":[],"filter_differential":[],"filter_engine":[],"filter_clutch":[],"filter_transmission":[],"filter_use":[],"class_list":["post-19385","product","type-product","status-publish","has-post-thumbnail","hentry","field_of_application-vignoble","field_of_application-verger","field_of_application-serre","field_of_application-entretien-des-espaces-verts","field_of_application-municipalite","filter_wheels-type-isodiametrique","filter_driving-position-reversible-fr-fr","filter_chassis-articule","filter_trattori-power-plus-de-70-cv"],"acf":[],"yoast_head":"<!-- This site is optimized with the Yoast SEO plugin v26.3 - https:\/\/yoast.com\/wordpress\/plugins\/seo\/ -->\n<title>Vega K90 AR - Ferrari<\/title>\n<meta name=\"description\" content=\"Vega K90 AR\u00a0est un tracteur isodiam\u00e9trique dot\u00e9 d\u2019un couple moteur puissant et caract\u00e9ris\u00e9 par des dimensions compactes, des performances \u00e9lev\u00e9es et un poste de conduite r\u00e9versible de s\u00e9rie.\" \/>\n<meta name=\"robots\" content=\"index, follow, max-snippet:-1, max-image-preview:large, max-video-preview:-1\" \/>\n<link rel=\"canonical\" href=\"https:\/\/ferrariagri.com\/fr-fr\/product\/vega-k90-ar\/\" \/>\n<meta property=\"og:locale\" content=\"fr_FR\" \/>\n<meta property=\"og:type\" content=\"article\" \/>\n<meta property=\"og:title\" content=\"Vega K90 AR - Ferrari\" \/>\n<meta property=\"og:description\" content=\"Vega K90 AR\u00a0est un tracteur isodiam\u00e9trique dot\u00e9 d\u2019un couple moteur puissant et caract\u00e9ris\u00e9 par des dimensions compactes, des performances \u00e9lev\u00e9es et un poste de conduite r\u00e9versible de s\u00e9rie.\" \/>\n<meta property=\"og:url\" content=\"https:\/\/ferrariagri.com\/fr-fr\/product\/vega-k90-ar\/\" \/>\n<meta property=\"og:site_name\" content=\"Ferrari\" \/>\n<meta property=\"article:modified_time\" content=\"2025-09-19T06:56:44+00:00\" \/>\n<meta property=\"og:image\" content=\"https:\/\/ferrariagri.com\/wp-content\/uploads\/sites\/2\/2021\/05\/Vega-K90-MY24-card.png\" \/>\n\t<meta property=\"og:image:width\" content=\"800\" \/>\n\t<meta property=\"og:image:height\" content=\"600\" \/>\n\t<meta property=\"og:image:type\" content=\"image\/png\" \/>\n<meta name=\"twitter:card\" content=\"summary_large_image\" \/>\n<meta name=\"twitter:label1\" content=\"Est. reading time\" \/>\n\t<meta name=\"twitter:data1\" content=\"1 minute\" \/>\n<script type=\"application\/ld+json\" class=\"yoast-schema-graph\">{\"@context\":\"https:\/\/schema.org\",\"@graph\":[{\"@type\":\"WebPage\",\"@id\":\"https:\/\/ferrariagri.com\/fr-fr\/product\/vega-k90-ar\/\",\"url\":\"https:\/\/ferrariagri.com\/fr-fr\/product\/vega-k90-ar\/\",\"name\":\"Vega K90 AR - Ferrari\",\"isPartOf\":{\"@id\":\"https:\/\/ferrariagri.com\/fr-fr\/#website\"},\"primaryImageOfPage\":{\"@id\":\"https:\/\/ferrariagri.com\/fr-fr\/product\/vega-k90-ar\/#primaryimage\"},\"image\":{\"@id\":\"https:\/\/ferrariagri.com\/fr-fr\/product\/vega-k90-ar\/#primaryimage\"},\"thumbnailUrl\":\"https:\/\/ferrariagri.com\/wp-content\/uploads\/sites\/2\/2021\/05\/Vega-K90-MY24-card.png\",\"datePublished\":\"2022-06-17T07:16:23+00:00\",\"dateModified\":\"2025-09-19T06:56:44+00:00\",\"description\":\"Vega K90 AR\u00a0est un tracteur isodiam\u00e9trique dot\u00e9 d\u2019un couple moteur puissant et caract\u00e9ris\u00e9 par des dimensions compactes, des performances \u00e9lev\u00e9es et un poste de conduite r\u00e9versible de s\u00e9rie.\",\"breadcrumb\":{\"@id\":\"https:\/\/ferrariagri.com\/fr-fr\/product\/vega-k90-ar\/#breadcrumb\"},\"inLanguage\":\"fr-FR-formal\",\"potentialAction\":[{\"@type\":\"ReadAction\",\"target\":[\"https:\/\/ferrariagri.com\/fr-fr\/product\/vega-k90-ar\/\"]}]},{\"@type\":\"ImageObject\",\"inLanguage\":\"fr-FR-formal\",\"@id\":\"https:\/\/ferrariagri.com\/fr-fr\/product\/vega-k90-ar\/#primaryimage\",\"url\":\"https:\/\/ferrariagri.com\/wp-content\/uploads\/sites\/2\/2021\/05\/Vega-K90-MY24-card.png\",\"contentUrl\":\"https:\/\/ferrariagri.com\/wp-content\/uploads\/sites\/2\/2021\/05\/Vega-K90-MY24-card.png\",\"width\":800,\"height\":600,\"caption\":\"Vega-K90-MY24-card\"},{\"@type\":\"BreadcrumbList\",\"@id\":\"https:\/\/ferrariagri.com\/fr-fr\/product\/vega-k90-ar\/#breadcrumb\",\"itemListElement\":[{\"@type\":\"ListItem\",\"position\":1,\"name\":\"Home\",\"item\":\"https:\/\/ferrariagri.com\/fr-fr\/\"},{\"@type\":\"ListItem\",\"position\":2,\"name\":\"Vega K90 AR\"}]},{\"@type\":\"WebSite\",\"@id\":\"https:\/\/ferrariagri.com\/fr-fr\/#website\",\"url\":\"https:\/\/ferrariagri.com\/fr-fr\/\",\"name\":\"Ferrari\",\"description\":\"\",\"potentialAction\":[{\"@type\":\"SearchAction\",\"target\":{\"@type\":\"EntryPoint\",\"urlTemplate\":\"https:\/\/ferrariagri.com\/fr-fr\/?s={search_term_string}\"},\"query-input\":{\"@type\":\"PropertyValueSpecification\",\"valueRequired\":true,\"valueName\":\"search_term_string\"}}],\"inLanguage\":\"fr-FR-formal\"}]}<\/script>\n<!-- \/ Yoast SEO plugin. -->","yoast_head_json":{"title":"Vega K90 AR - Ferrari","description":"Vega K90 AR\u00a0est un tracteur isodiam\u00e9trique dot\u00e9 d\u2019un couple moteur puissant et caract\u00e9ris\u00e9 par des dimensions compactes, des performances \u00e9lev\u00e9es et un poste de conduite r\u00e9versible de s\u00e9rie.","robots":{"index":"index","follow":"follow","max-snippet":"max-snippet:-1","max-image-preview":"max-image-preview:large","max-video-preview":"max-video-preview:-1"},"canonical":"https:\/\/ferrariagri.com\/fr-fr\/product\/vega-k90-ar\/","og_locale":"fr_FR","og_type":"article","og_title":"Vega K90 AR - Ferrari","og_description":"Vega K90 AR\u00a0est un tracteur isodiam\u00e9trique dot\u00e9 d\u2019un couple moteur puissant et caract\u00e9ris\u00e9 par des dimensions compactes, des performances \u00e9lev\u00e9es et un poste de conduite r\u00e9versible de s\u00e9rie.","og_url":"https:\/\/ferrariagri.com\/fr-fr\/product\/vega-k90-ar\/","og_site_name":"Ferrari","article_modified_time":"2025-09-19T06:56:44+00:00","og_image":[{"width":800,"height":600,"url":"https:\/\/ferrariagri.com\/wp-content\/uploads\/sites\/2\/2021\/05\/Vega-K90-MY24-card.png","type":"image\/png"}],"twitter_card":"summary_large_image","twitter_misc":{"Est. reading time":"1 minute"},"schema":{"@context":"https:\/\/schema.org","@graph":[{"@type":"WebPage","@id":"https:\/\/ferrariagri.com\/fr-fr\/product\/vega-k90-ar\/","url":"https:\/\/ferrariagri.com\/fr-fr\/product\/vega-k90-ar\/","name":"Vega K90 AR - Ferrari","isPartOf":{"@id":"https:\/\/ferrariagri.com\/fr-fr\/#website"},"primaryImageOfPage":{"@id":"https:\/\/ferrariagri.com\/fr-fr\/product\/vega-k90-ar\/#primaryimage"},"image":{"@id":"https:\/\/ferrariagri.com\/fr-fr\/product\/vega-k90-ar\/#primaryimage"},"thumbnailUrl":"https:\/\/ferrariagri.com\/wp-content\/uploads\/sites\/2\/2021\/05\/Vega-K90-MY24-card.png","datePublished":"2022-06-17T07:16:23+00:00","dateModified":"2025-09-19T06:56:44+00:00","description":"Vega K90 AR\u00a0est un tracteur isodiam\u00e9trique dot\u00e9 d\u2019un couple moteur puissant et caract\u00e9ris\u00e9 par des dimensions compactes, des performances \u00e9lev\u00e9es et un poste de conduite r\u00e9versible de s\u00e9rie.","breadcrumb":{"@id":"https:\/\/ferrariagri.com\/fr-fr\/product\/vega-k90-ar\/#breadcrumb"},"inLanguage":"fr-FR-formal","potentialAction":[{"@type":"ReadAction","target":["https:\/\/ferrariagri.com\/fr-fr\/product\/vega-k90-ar\/"]}]},{"@type":"ImageObject","inLanguage":"fr-FR-formal","@id":"https:\/\/ferrariagri.com\/fr-fr\/product\/vega-k90-ar\/#primaryimage","url":"https:\/\/ferrariagri.com\/wp-content\/uploads\/sites\/2\/2021\/05\/Vega-K90-MY24-card.png","contentUrl":"https:\/\/ferrariagri.com\/wp-content\/uploads\/sites\/2\/2021\/05\/Vega-K90-MY24-card.png","width":800,"height":600,"caption":"Vega-K90-MY24-card"},{"@type":"BreadcrumbList","@id":"https:\/\/ferrariagri.com\/fr-fr\/product\/vega-k90-ar\/#breadcrumb","itemListElement":[{"@type":"ListItem","position":1,"name":"Home","item":"https:\/\/ferrariagri.com\/fr-fr\/"},{"@type":"ListItem","position":2,"name":"Vega K90 AR"}]},{"@type":"WebSite","@id":"https:\/\/ferrariagri.com\/fr-fr\/#website","url":"https:\/\/ferrariagri.com\/fr-fr\/","name":"Ferrari","description":"","potentialAction":[{"@type":"SearchAction","target":{"@type":"EntryPoint","urlTemplate":"https:\/\/ferrariagri.com\/fr-fr\/?s={search_term_string}"},"query-input":{"@type":"PropertyValueSpecification","valueRequired":true,"valueName":"search_term_string"}}],"inLanguage":"fr-FR-formal"}]}},"_links":{"self":[{"href":"https:\/\/ferrariagri.com\/fr-fr\/wp-json\/wp\/v2\/product\/19385","targetHints":{"allow":["GET"]}}],"collection":[{"href":"https:\/\/ferrariagri.com\/fr-fr\/wp-json\/wp\/v2\/product"}],"about":[{"href":"https:\/\/ferrariagri.com\/fr-fr\/wp-json\/wp\/v2\/types\/product"}],"author":[{"embeddable":true,"href":"https:\/\/ferrariagri.com\/fr-fr\/wp-json\/wp\/v2\/users\/2"}],"wp:featuredmedia":[{"embeddable":true,"href":"https:\/\/ferrariagri.com\/fr-fr\/wp-json\/wp\/v2\/media\/32044"}],"wp:attachment":[{"href":"https:\/\/ferrariagri.com\/fr-fr\/wp-json\/wp\/v2\/media?parent=19385"}],"wp:term":[{"taxonomy":"product_category","embeddable":true,"href":"https:\/\/ferrariagri.com\/fr-fr\/wp-json\/wp\/v2\/product_category?post=19385"},{"taxonomy":"field_of_application","embeddable":true,"href":"https:\/\/ferrariagri.com\/fr-fr\/wp-json\/wp\/v2\/field_of_application?post=19385"},{"taxonomy":"in_promotion","embeddable":true,"href":"https:\/\/ferrariagri.com\/fr-fr\/wp-json\/wp\/v2\/in_promotion?post=19385"},{"taxonomy":"filter_mdv-power","embeddable":true,"href":"https:\/\/ferrariagri.com\/fr-fr\/wp-json\/wp\/v2\/filter_mdv-power?post=19385"},{"taxonomy":"filter_app-field-tractors","embeddable":true,"href":"https:\/\/ferrariagri.com\/fr-fr\/wp-json\/wp\/v2\/filter_app-field-tractors?post=19385"},{"taxonomy":"filter_use_attrezzature","embeddable":true,"href":"https:\/\/ferrariagri.com\/fr-fr\/wp-json\/wp\/v2\/filter_use_attrezzature?post=19385"},{"taxonomy":"filter_filter-use_mf-mc","embeddable":true,"href":"https:\/\/ferrariagri.com\/fr-fr\/wp-json\/wp\/v2\/filter_filter-use_mf-mc?post=19385"},{"taxonomy":"filter_grass-collector","embeddable":true,"href":"https:\/\/ferrariagri.com\/fr-fr\/wp-json\/wp\/v2\/filter_grass-collector?post=19385"},{"taxonomy":"filter_wheels-type","embeddable":true,"href":"https:\/\/ferrariagri.com\/fr-fr\/wp-json\/wp\/v2\/filter_wheels-type?post=19385"},{"taxonomy":"filter_driving-position","embeddable":true,"href":"https:\/\/ferrariagri.com\/fr-fr\/wp-json\/wp\/v2\/filter_driving-position?post=19385"},{"taxonomy":"filter_chassis","embeddable":true,"href":"https:\/\/ferrariagri.com\/fr-fr\/wp-json\/wp\/v2\/filter_chassis?post=19385"},{"taxonomy":"filter_trattori-power","embeddable":true,"href":"https:\/\/ferrariagri.com\/fr-fr\/wp-json\/wp\/v2\/filter_trattori-power?post=19385"},{"taxonomy":"filter_conditioner","embeddable":true,"href":"https:\/\/ferrariagri.com\/fr-fr\/wp-json\/wp\/v2\/filter_conditioner?post=19385"},{"taxonomy":"filter_applicable","embeddable":true,"href":"https:\/\/ferrariagri.com\/fr-fr\/wp-json\/wp\/v2\/filter_applicable?post=19385"},{"taxonomy":"filter_type","embeddable":true,"href":"https:\/\/ferrariagri.com\/fr-fr\/wp-json\/wp\/v2\/filter_type?post=19385"},{"taxonomy":"filter_differential","embeddable":true,"href":"https:\/\/ferrariagri.com\/fr-fr\/wp-json\/wp\/v2\/filter_differential?post=19385"},{"taxonomy":"filter_engine","embeddable":true,"href":"https:\/\/ferrariagri.com\/fr-fr\/wp-json\/wp\/v2\/filter_engine?post=19385"},{"taxonomy":"filter_clutch","embeddable":true,"href":"https:\/\/ferrariagri.com\/fr-fr\/wp-json\/wp\/v2\/filter_clutch?post=19385"},{"taxonomy":"filter_transmission","embeddable":true,"href":"https:\/\/ferrariagri.com\/fr-fr\/wp-json\/wp\/v2\/filter_transmission?post=19385"},{"taxonomy":"filter_use","embeddable":true,"href":"https:\/\/ferrariagri.com\/fr-fr\/wp-json\/wp\/v2\/filter_use?post=19385"}],"curies":[{"name":"wp","href":"https:\/\/api.w.org\/{rel}","templated":true}]}}