{"id":23576,"date":"2022-11-24T10:32:03","date_gmt":"2022-11-24T10:32:03","guid":{"rendered":"http:\/\/ferrariagri.staging2.welcomedigital.it\/?post_type=product&#038;p=23576"},"modified":"2025-03-11T11:40:08","modified_gmt":"2025-03-11T09:40:08","slug":"cobram-60-ar-micro","status":"publish","type":"product","link":"https:\/\/ferrariagri.com\/fr-fr\/product\/cobram-60-ar-micro\/","title":{"rendered":"Cobram 60 AR Micro"},"content":{"rendered":"","protected":false},"excerpt":{"rendered":"","protected":false},"author":2,"featured_media":26696,"parent":0,"menu_order":210,"template":"","product_category":[153],"field_of_application":[552],"in_promotion":[],"filter_mdv-power":[],"filter_app-field-tractors":[],"filter_use_attrezzature":[],"filter_filter-use_mf-mc":[],"filter_grass-collector":[],"filter_wheels-type":[292],"filter_driving-position":[304],"filter_chassis":[316],"filter_trattori-power":[597],"filter_conditioner":[],"filter_applicable":[],"filter_type":[],"filter_differential":[],"filter_engine":[],"filter_clutch":[],"filter_transmission":[],"filter_use":[],"class_list":["post-23576","product","type-product","status-publish","has-post-thumbnail","hentry","field_of_application-vignoble","filter_wheels-type-isodiametrique","filter_driving-position-reversible-fr-fr","filter_chassis-articule","filter_trattori-power-de-41-a-70-cv"],"acf":[],"yoast_head":"<!-- This site is optimized with the Yoast SEO plugin v26.3 - https:\/\/yoast.com\/wordpress\/plugins\/seo\/ -->\n<title>Cobram 60 AR Micro - Ferrari<\/title>\n<meta name=\"description\" content=\"Tracteur isodiam\u00e9trique articul\u00e9 de 49 CV avec si\u00e8ge du poste de conduite r\u00e9versible. Des dimensions compactes et une largeur de seulement 95 cm !\" \/>\n<meta name=\"robots\" content=\"index, follow, max-snippet:-1, max-image-preview:large, max-video-preview:-1\" \/>\n<link rel=\"canonical\" href=\"https:\/\/ferrariagri.com\/fr-fr\/product\/cobram-60-ar-micro\/\" \/>\n<meta property=\"og:locale\" content=\"fr_FR\" \/>\n<meta property=\"og:type\" content=\"article\" \/>\n<meta property=\"og:title\" content=\"Cobram 60 AR Micro - Ferrari\" \/>\n<meta property=\"og:description\" content=\"Tracteur isodiam\u00e9trique articul\u00e9 de 49 CV avec si\u00e8ge du poste de conduite r\u00e9versible. Des dimensions compactes et une largeur de seulement 95 cm !\" \/>\n<meta property=\"og:url\" content=\"https:\/\/ferrariagri.com\/fr-fr\/product\/cobram-60-ar-micro\/\" \/>\n<meta property=\"og:site_name\" content=\"Ferrari\" \/>\n<meta property=\"article:modified_time\" content=\"2025-03-11T09:40:08+00:00\" \/>\n<meta property=\"og:image\" content=\"https:\/\/ferrariagri.com\/wp-content\/uploads\/sites\/2\/2022\/11\/Cobram-60-AR-micro-CARD.png\" \/>\n\t<meta property=\"og:image:width\" content=\"800\" \/>\n\t<meta property=\"og:image:height\" content=\"600\" \/>\n\t<meta property=\"og:image:type\" content=\"image\/png\" \/>\n<meta name=\"twitter:card\" content=\"summary_large_image\" \/>\n<meta name=\"twitter:label1\" content=\"Est. reading time\" \/>\n\t<meta name=\"twitter:data1\" content=\"1 minute\" \/>\n<script type=\"application\/ld+json\" class=\"yoast-schema-graph\">{\"@context\":\"https:\/\/schema.org\",\"@graph\":[{\"@type\":\"WebPage\",\"@id\":\"https:\/\/ferrariagri.com\/fr-fr\/product\/cobram-60-ar-micro\/\",\"url\":\"https:\/\/ferrariagri.com\/fr-fr\/product\/cobram-60-ar-micro\/\",\"name\":\"Cobram 60 AR Micro - Ferrari\",\"isPartOf\":{\"@id\":\"https:\/\/ferrariagri.com\/fr-fr\/#website\"},\"primaryImageOfPage\":{\"@id\":\"https:\/\/ferrariagri.com\/fr-fr\/product\/cobram-60-ar-micro\/#primaryimage\"},\"image\":{\"@id\":\"https:\/\/ferrariagri.com\/fr-fr\/product\/cobram-60-ar-micro\/#primaryimage\"},\"thumbnailUrl\":\"https:\/\/ferrariagri.com\/wp-content\/uploads\/sites\/2\/2022\/11\/Cobram-60-AR-micro-CARD.png\",\"datePublished\":\"2022-11-24T10:32:03+00:00\",\"dateModified\":\"2025-03-11T09:40:08+00:00\",\"description\":\"Tracteur isodiam\u00e9trique articul\u00e9 de 49 CV avec si\u00e8ge du poste de conduite r\u00e9versible. Des dimensions compactes et une largeur de seulement 95 cm !\",\"breadcrumb\":{\"@id\":\"https:\/\/ferrariagri.com\/fr-fr\/product\/cobram-60-ar-micro\/#breadcrumb\"},\"inLanguage\":\"fr-FR-formal\",\"potentialAction\":[{\"@type\":\"ReadAction\",\"target\":[\"https:\/\/ferrariagri.com\/fr-fr\/product\/cobram-60-ar-micro\/\"]}]},{\"@type\":\"ImageObject\",\"inLanguage\":\"fr-FR-formal\",\"@id\":\"https:\/\/ferrariagri.com\/fr-fr\/product\/cobram-60-ar-micro\/#primaryimage\",\"url\":\"https:\/\/ferrariagri.com\/wp-content\/uploads\/sites\/2\/2022\/11\/Cobram-60-AR-micro-CARD.png\",\"contentUrl\":\"https:\/\/ferrariagri.com\/wp-content\/uploads\/sites\/2\/2022\/11\/Cobram-60-AR-micro-CARD.png\",\"width\":800,\"height\":600,\"caption\":\"Cobram-60-AR-micro-CARD\"},{\"@type\":\"BreadcrumbList\",\"@id\":\"https:\/\/ferrariagri.com\/fr-fr\/product\/cobram-60-ar-micro\/#breadcrumb\",\"itemListElement\":[{\"@type\":\"ListItem\",\"position\":1,\"name\":\"Home\",\"item\":\"https:\/\/ferrariagri.com\/fr-fr\/\"},{\"@type\":\"ListItem\",\"position\":2,\"name\":\"Cobram 60 AR Micro\"}]},{\"@type\":\"WebSite\",\"@id\":\"https:\/\/ferrariagri.com\/fr-fr\/#website\",\"url\":\"https:\/\/ferrariagri.com\/fr-fr\/\",\"name\":\"Ferrari\",\"description\":\"\",\"potentialAction\":[{\"@type\":\"SearchAction\",\"target\":{\"@type\":\"EntryPoint\",\"urlTemplate\":\"https:\/\/ferrariagri.com\/fr-fr\/?s={search_term_string}\"},\"query-input\":{\"@type\":\"PropertyValueSpecification\",\"valueRequired\":true,\"valueName\":\"search_term_string\"}}],\"inLanguage\":\"fr-FR-formal\"}]}<\/script>\n<!-- \/ Yoast SEO plugin. -->","yoast_head_json":{"title":"Cobram 60 AR Micro - Ferrari","description":"Tracteur isodiam\u00e9trique articul\u00e9 de 49 CV avec si\u00e8ge du poste de conduite r\u00e9versible. Des dimensions compactes et une largeur de seulement 95 cm !","robots":{"index":"index","follow":"follow","max-snippet":"max-snippet:-1","max-image-preview":"max-image-preview:large","max-video-preview":"max-video-preview:-1"},"canonical":"https:\/\/ferrariagri.com\/fr-fr\/product\/cobram-60-ar-micro\/","og_locale":"fr_FR","og_type":"article","og_title":"Cobram 60 AR Micro - Ferrari","og_description":"Tracteur isodiam\u00e9trique articul\u00e9 de 49 CV avec si\u00e8ge du poste de conduite r\u00e9versible. Des dimensions compactes et une largeur de seulement 95 cm !","og_url":"https:\/\/ferrariagri.com\/fr-fr\/product\/cobram-60-ar-micro\/","og_site_name":"Ferrari","article_modified_time":"2025-03-11T09:40:08+00:00","og_image":[{"width":800,"height":600,"url":"https:\/\/ferrariagri.com\/wp-content\/uploads\/sites\/2\/2022\/11\/Cobram-60-AR-micro-CARD.png","type":"image\/png"}],"twitter_card":"summary_large_image","twitter_misc":{"Est. reading time":"1 minute"},"schema":{"@context":"https:\/\/schema.org","@graph":[{"@type":"WebPage","@id":"https:\/\/ferrariagri.com\/fr-fr\/product\/cobram-60-ar-micro\/","url":"https:\/\/ferrariagri.com\/fr-fr\/product\/cobram-60-ar-micro\/","name":"Cobram 60 AR Micro - Ferrari","isPartOf":{"@id":"https:\/\/ferrariagri.com\/fr-fr\/#website"},"primaryImageOfPage":{"@id":"https:\/\/ferrariagri.com\/fr-fr\/product\/cobram-60-ar-micro\/#primaryimage"},"image":{"@id":"https:\/\/ferrariagri.com\/fr-fr\/product\/cobram-60-ar-micro\/#primaryimage"},"thumbnailUrl":"https:\/\/ferrariagri.com\/wp-content\/uploads\/sites\/2\/2022\/11\/Cobram-60-AR-micro-CARD.png","datePublished":"2022-11-24T10:32:03+00:00","dateModified":"2025-03-11T09:40:08+00:00","description":"Tracteur isodiam\u00e9trique articul\u00e9 de 49 CV avec si\u00e8ge du poste de conduite r\u00e9versible. Des dimensions compactes et une largeur de seulement 95 cm !","breadcrumb":{"@id":"https:\/\/ferrariagri.com\/fr-fr\/product\/cobram-60-ar-micro\/#breadcrumb"},"inLanguage":"fr-FR-formal","potentialAction":[{"@type":"ReadAction","target":["https:\/\/ferrariagri.com\/fr-fr\/product\/cobram-60-ar-micro\/"]}]},{"@type":"ImageObject","inLanguage":"fr-FR-formal","@id":"https:\/\/ferrariagri.com\/fr-fr\/product\/cobram-60-ar-micro\/#primaryimage","url":"https:\/\/ferrariagri.com\/wp-content\/uploads\/sites\/2\/2022\/11\/Cobram-60-AR-micro-CARD.png","contentUrl":"https:\/\/ferrariagri.com\/wp-content\/uploads\/sites\/2\/2022\/11\/Cobram-60-AR-micro-CARD.png","width":800,"height":600,"caption":"Cobram-60-AR-micro-CARD"},{"@type":"BreadcrumbList","@id":"https:\/\/ferrariagri.com\/fr-fr\/product\/cobram-60-ar-micro\/#breadcrumb","itemListElement":[{"@type":"ListItem","position":1,"name":"Home","item":"https:\/\/ferrariagri.com\/fr-fr\/"},{"@type":"ListItem","position":2,"name":"Cobram 60 AR Micro"}]},{"@type":"WebSite","@id":"https:\/\/ferrariagri.com\/fr-fr\/#website","url":"https:\/\/ferrariagri.com\/fr-fr\/","name":"Ferrari","description":"","potentialAction":[{"@type":"SearchAction","target":{"@type":"EntryPoint","urlTemplate":"https:\/\/ferrariagri.com\/fr-fr\/?s={search_term_string}"},"query-input":{"@type":"PropertyValueSpecification","valueRequired":true,"valueName":"search_term_string"}}],"inLanguage":"fr-FR-formal"}]}},"_links":{"self":[{"href":"https:\/\/ferrariagri.com\/fr-fr\/wp-json\/wp\/v2\/product\/23576","targetHints":{"allow":["GET"]}}],"collection":[{"href":"https:\/\/ferrariagri.com\/fr-fr\/wp-json\/wp\/v2\/product"}],"about":[{"href":"https:\/\/ferrariagri.com\/fr-fr\/wp-json\/wp\/v2\/types\/product"}],"author":[{"embeddable":true,"href":"https:\/\/ferrariagri.com\/fr-fr\/wp-json\/wp\/v2\/users\/2"}],"wp:featuredmedia":[{"embeddable":true,"href":"https:\/\/ferrariagri.com\/fr-fr\/wp-json\/wp\/v2\/media\/26696"}],"wp:attachment":[{"href":"https:\/\/ferrariagri.com\/fr-fr\/wp-json\/wp\/v2\/media?parent=23576"}],"wp:term":[{"taxonomy":"product_category","embeddable":true,"href":"https:\/\/ferrariagri.com\/fr-fr\/wp-json\/wp\/v2\/product_category?post=23576"},{"taxonomy":"field_of_application","embeddable":true,"href":"https:\/\/ferrariagri.com\/fr-fr\/wp-json\/wp\/v2\/field_of_application?post=23576"},{"taxonomy":"in_promotion","embeddable":true,"href":"https:\/\/ferrariagri.com\/fr-fr\/wp-json\/wp\/v2\/in_promotion?post=23576"},{"taxonomy":"filter_mdv-power","embeddable":true,"href":"https:\/\/ferrariagri.com\/fr-fr\/wp-json\/wp\/v2\/filter_mdv-power?post=23576"},{"taxonomy":"filter_app-field-tractors","embeddable":true,"href":"https:\/\/ferrariagri.com\/fr-fr\/wp-json\/wp\/v2\/filter_app-field-tractors?post=23576"},{"taxonomy":"filter_use_attrezzature","embeddable":true,"href":"https:\/\/ferrariagri.com\/fr-fr\/wp-json\/wp\/v2\/filter_use_attrezzature?post=23576"},{"taxonomy":"filter_filter-use_mf-mc","embeddable":true,"href":"https:\/\/ferrariagri.com\/fr-fr\/wp-json\/wp\/v2\/filter_filter-use_mf-mc?post=23576"},{"taxonomy":"filter_grass-collector","embeddable":true,"href":"https:\/\/ferrariagri.com\/fr-fr\/wp-json\/wp\/v2\/filter_grass-collector?post=23576"},{"taxonomy":"filter_wheels-type","embeddable":true,"href":"https:\/\/ferrariagri.com\/fr-fr\/wp-json\/wp\/v2\/filter_wheels-type?post=23576"},{"taxonomy":"filter_driving-position","embeddable":true,"href":"https:\/\/ferrariagri.com\/fr-fr\/wp-json\/wp\/v2\/filter_driving-position?post=23576"},{"taxonomy":"filter_chassis","embeddable":true,"href":"https:\/\/ferrariagri.com\/fr-fr\/wp-json\/wp\/v2\/filter_chassis?post=23576"},{"taxonomy":"filter_trattori-power","embeddable":true,"href":"https:\/\/ferrariagri.com\/fr-fr\/wp-json\/wp\/v2\/filter_trattori-power?post=23576"},{"taxonomy":"filter_conditioner","embeddable":true,"href":"https:\/\/ferrariagri.com\/fr-fr\/wp-json\/wp\/v2\/filter_conditioner?post=23576"},{"taxonomy":"filter_applicable","embeddable":true,"href":"https:\/\/ferrariagri.com\/fr-fr\/wp-json\/wp\/v2\/filter_applicable?post=23576"},{"taxonomy":"filter_type","embeddable":true,"href":"https:\/\/ferrariagri.com\/fr-fr\/wp-json\/wp\/v2\/filter_type?post=23576"},{"taxonomy":"filter_differential","embeddable":true,"href":"https:\/\/ferrariagri.com\/fr-fr\/wp-json\/wp\/v2\/filter_differential?post=23576"},{"taxonomy":"filter_engine","embeddable":true,"href":"https:\/\/ferrariagri.com\/fr-fr\/wp-json\/wp\/v2\/filter_engine?post=23576"},{"taxonomy":"filter_clutch","embeddable":true,"href":"https:\/\/ferrariagri.com\/fr-fr\/wp-json\/wp\/v2\/filter_clutch?post=23576"},{"taxonomy":"filter_transmission","embeddable":true,"href":"https:\/\/ferrariagri.com\/fr-fr\/wp-json\/wp\/v2\/filter_transmission?post=23576"},{"taxonomy":"filter_use","embeddable":true,"href":"https:\/\/ferrariagri.com\/fr-fr\/wp-json\/wp\/v2\/filter_use?post=23576"}],"curies":[{"name":"wp","href":"https:\/\/api.w.org\/{rel}","templated":true}]}}