{"id":90,"date":"2021-01-13T11:05:31","date_gmt":"2021-01-13T11:05:31","guid":{"rendered":"https:\/\/bcsagri.staging2.welcomedigital.it\/?page_id=90"},"modified":"2023-09-01T09:29:40","modified_gmt":"2023-09-01T07:29:40","slug":"chi-siamo","status":"publish","type":"page","link":"https:\/\/ferrariagri.com\/it-it\/chi-siamo\/","title":{"rendered":"Chi siamo"},"content":{"rendered":"","protected":false},"excerpt":{"rendered":"","protected":false},"author":1,"featured_media":0,"parent":0,"menu_order":0,"comment_status":"closed","ping_status":"closed","template":"template-flexible.php","meta":{"_acf_changed":false,"footnotes":""},"class_list":["post-90","page","type-page","status-publish","hentry"],"acf":[],"yoast_head":"<!-- This site is optimized with the Yoast SEO plugin v26.3 - https:\/\/yoast.com\/wordpress\/plugins\/seo\/ -->\n<title>Chi siamo - Ferrari<\/title>\n<meta name=\"description\" content=\"Il marchio FERRARI ha origine nell\u2019Italia della ricostruzione ed \u00e8 stato tra i protagonisti dello sviluppo e della meccanizzazione agricola degli anni \u201950. Nel 1988 FERRARI entra a far parte del Gruppo BCS come grande realt\u00e0 gi\u00e0 affermata e oggi ha una gamma prodotto che comprende trattori specializzati da vigneto, frutteto, serre e municipalit\u00e0, motofalciatrici e motocoltivatori.\" \/>\n<meta name=\"robots\" content=\"index, follow, max-snippet:-1, max-image-preview:large, max-video-preview:-1\" \/>\n<link rel=\"canonical\" href=\"https:\/\/ferrariagri.com\/it-it\/chi-siamo\/\" \/>\n<meta property=\"og:locale\" content=\"it_IT\" \/>\n<meta property=\"og:type\" content=\"article\" \/>\n<meta property=\"og:title\" content=\"Chi siamo - Ferrari\" \/>\n<meta property=\"og:description\" content=\"Il marchio FERRARI ha origine nell\u2019Italia della ricostruzione ed \u00e8 stato tra i protagonisti dello sviluppo e della meccanizzazione agricola degli anni \u201950. Nel 1988 FERRARI entra a far parte del Gruppo BCS come grande realt\u00e0 gi\u00e0 affermata e oggi ha una gamma prodotto che comprende trattori specializzati da vigneto, frutteto, serre e municipalit\u00e0, motofalciatrici e motocoltivatori.\" \/>\n<meta property=\"og:url\" content=\"https:\/\/ferrariagri.com\/it-it\/chi-siamo\/\" \/>\n<meta property=\"og:site_name\" content=\"Ferrari\" \/>\n<meta property=\"article:modified_time\" content=\"2023-09-01T07:29:40+00:00\" \/>\n<meta name=\"twitter:card\" content=\"summary_large_image\" \/>\n<script type=\"application\/ld+json\" class=\"yoast-schema-graph\">{\"@context\":\"https:\/\/schema.org\",\"@graph\":[{\"@type\":\"WebPage\",\"@id\":\"https:\/\/ferrariagri.com\/it-it\/chi-siamo\/\",\"url\":\"https:\/\/ferrariagri.com\/it-it\/chi-siamo\/\",\"name\":\"Chi siamo - Ferrari\",\"isPartOf\":{\"@id\":\"https:\/\/ferrariagri.com\/it-it\/#website\"},\"datePublished\":\"2021-01-13T11:05:31+00:00\",\"dateModified\":\"2023-09-01T07:29:40+00:00\",\"description\":\"Il marchio FERRARI ha origine nell\u2019Italia della ricostruzione ed \u00e8 stato tra i protagonisti dello sviluppo e della meccanizzazione agricola degli anni \u201950. Nel 1988 FERRARI entra a far parte del Gruppo BCS come grande realt\u00e0 gi\u00e0 affermata e oggi ha una gamma prodotto che comprende trattori specializzati da vigneto, frutteto, serre e municipalit\u00e0, motofalciatrici e motocoltivatori.\",\"breadcrumb\":{\"@id\":\"https:\/\/ferrariagri.com\/it-it\/chi-siamo\/#breadcrumb\"},\"inLanguage\":\"it-IT-formal\",\"potentialAction\":[{\"@type\":\"ReadAction\",\"target\":[\"https:\/\/ferrariagri.com\/it-it\/chi-siamo\/\"]}]},{\"@type\":\"BreadcrumbList\",\"@id\":\"https:\/\/ferrariagri.com\/it-it\/chi-siamo\/#breadcrumb\",\"itemListElement\":[{\"@type\":\"ListItem\",\"position\":1,\"name\":\"Home\",\"item\":\"https:\/\/ferrariagri.com\/it-it\/\"},{\"@type\":\"ListItem\",\"position\":2,\"name\":\"Chi siamo\"}]},{\"@type\":\"WebSite\",\"@id\":\"https:\/\/ferrariagri.com\/it-it\/#website\",\"url\":\"https:\/\/ferrariagri.com\/it-it\/\",\"name\":\"Ferrari\",\"description\":\"\",\"potentialAction\":[{\"@type\":\"SearchAction\",\"target\":{\"@type\":\"EntryPoint\",\"urlTemplate\":\"https:\/\/ferrariagri.com\/it-it\/?s={search_term_string}\"},\"query-input\":{\"@type\":\"PropertyValueSpecification\",\"valueRequired\":true,\"valueName\":\"search_term_string\"}}],\"inLanguage\":\"it-IT-formal\"}]}<\/script>\n<!-- \/ Yoast SEO plugin. -->","yoast_head_json":{"title":"Chi siamo - Ferrari","description":"Il marchio FERRARI ha origine nell\u2019Italia della ricostruzione ed \u00e8 stato tra i protagonisti dello sviluppo e della meccanizzazione agricola degli anni \u201950. Nel 1988 FERRARI entra a far parte del Gruppo BCS come grande realt\u00e0 gi\u00e0 affermata e oggi ha una gamma prodotto che comprende trattori specializzati da vigneto, frutteto, serre e municipalit\u00e0, motofalciatrici e motocoltivatori.","robots":{"index":"index","follow":"follow","max-snippet":"max-snippet:-1","max-image-preview":"max-image-preview:large","max-video-preview":"max-video-preview:-1"},"canonical":"https:\/\/ferrariagri.com\/it-it\/chi-siamo\/","og_locale":"it_IT","og_type":"article","og_title":"Chi siamo - Ferrari","og_description":"Il marchio FERRARI ha origine nell\u2019Italia della ricostruzione ed \u00e8 stato tra i protagonisti dello sviluppo e della meccanizzazione agricola degli anni \u201950. Nel 1988 FERRARI entra a far parte del Gruppo BCS come grande realt\u00e0 gi\u00e0 affermata e oggi ha una gamma prodotto che comprende trattori specializzati da vigneto, frutteto, serre e municipalit\u00e0, motofalciatrici e motocoltivatori.","og_url":"https:\/\/ferrariagri.com\/it-it\/chi-siamo\/","og_site_name":"Ferrari","article_modified_time":"2023-09-01T07:29:40+00:00","twitter_card":"summary_large_image","schema":{"@context":"https:\/\/schema.org","@graph":[{"@type":"WebPage","@id":"https:\/\/ferrariagri.com\/it-it\/chi-siamo\/","url":"https:\/\/ferrariagri.com\/it-it\/chi-siamo\/","name":"Chi siamo - Ferrari","isPartOf":{"@id":"https:\/\/ferrariagri.com\/it-it\/#website"},"datePublished":"2021-01-13T11:05:31+00:00","dateModified":"2023-09-01T07:29:40+00:00","description":"Il marchio FERRARI ha origine nell\u2019Italia della ricostruzione ed \u00e8 stato tra i protagonisti dello sviluppo e della meccanizzazione agricola degli anni \u201950. Nel 1988 FERRARI entra a far parte del Gruppo BCS come grande realt\u00e0 gi\u00e0 affermata e oggi ha una gamma prodotto che comprende trattori specializzati da vigneto, frutteto, serre e municipalit\u00e0, motofalciatrici e motocoltivatori.","breadcrumb":{"@id":"https:\/\/ferrariagri.com\/it-it\/chi-siamo\/#breadcrumb"},"inLanguage":"it-IT-formal","potentialAction":[{"@type":"ReadAction","target":["https:\/\/ferrariagri.com\/it-it\/chi-siamo\/"]}]},{"@type":"BreadcrumbList","@id":"https:\/\/ferrariagri.com\/it-it\/chi-siamo\/#breadcrumb","itemListElement":[{"@type":"ListItem","position":1,"name":"Home","item":"https:\/\/ferrariagri.com\/it-it\/"},{"@type":"ListItem","position":2,"name":"Chi siamo"}]},{"@type":"WebSite","@id":"https:\/\/ferrariagri.com\/it-it\/#website","url":"https:\/\/ferrariagri.com\/it-it\/","name":"Ferrari","description":"","potentialAction":[{"@type":"SearchAction","target":{"@type":"EntryPoint","urlTemplate":"https:\/\/ferrariagri.com\/it-it\/?s={search_term_string}"},"query-input":{"@type":"PropertyValueSpecification","valueRequired":true,"valueName":"search_term_string"}}],"inLanguage":"it-IT-formal"}]}},"_links":{"self":[{"href":"https:\/\/ferrariagri.com\/it-it\/wp-json\/wp\/v2\/pages\/90","targetHints":{"allow":["GET"]}}],"collection":[{"href":"https:\/\/ferrariagri.com\/it-it\/wp-json\/wp\/v2\/pages"}],"about":[{"href":"https:\/\/ferrariagri.com\/it-it\/wp-json\/wp\/v2\/types\/page"}],"author":[{"embeddable":true,"href":"https:\/\/ferrariagri.com\/it-it\/wp-json\/wp\/v2\/users\/1"}],"replies":[{"embeddable":true,"href":"https:\/\/ferrariagri.com\/it-it\/wp-json\/wp\/v2\/comments?post=90"}],"version-history":[{"count":41,"href":"https:\/\/ferrariagri.com\/it-it\/wp-json\/wp\/v2\/pages\/90\/revisions"}],"predecessor-version":[{"id":30966,"href":"https:\/\/ferrariagri.com\/it-it\/wp-json\/wp\/v2\/pages\/90\/revisions\/30966"}],"wp:attachment":[{"href":"https:\/\/ferrariagri.com\/it-it\/wp-json\/wp\/v2\/media?parent=90"}],"curies":[{"name":"wp","href":"https:\/\/api.w.org\/{rel}","templated":true}]}}